{"id":3292,"date":"2024-03-14T03:54:38","date_gmt":"2024-03-14T03:54:38","guid":{"rendered":"https:\/\/auxa.xpressbuddy.com\/?page_id=3292"},"modified":"2025-02-08T04:30:00","modified_gmt":"2025-02-08T04:30:00","slug":"home","status":"publish","type":"page","link":"https:\/\/duongquangminh.com\/","title":{"rendered":"Trang ch\u1ee7"},"content":{"rendered":"\t\t<div data-elementor-type=\"wp-page\" data-elementor-id=\"3292\" class=\"elementor elementor-3292\">\n\t\t\t\t\t\t<section class=\"elementor-section elementor-top-section elementor-element elementor-element-1b76716 elementor-section-full_width elementor-section-height-default elementor-section-height-default\" data-id=\"1b76716\" data-element_type=\"section\">\n\t\t\t\t\t\t<div class=\"elementor-container elementor-column-gap-no\">\n\t\t\t\t\t<div class=\"elementor-column elementor-col-100 elementor-top-column elementor-element elementor-element-32362e2\" data-id=\"32362e2\" data-element_type=\"column\">\n\t\t\t<div class=\"elementor-widget-wrap elementor-element-populated\">\n\t\t\t\t\t\t<div class=\"elementor-element elementor-element-71120ff elementor-widget elementor-widget-int-hero-one\" data-id=\"71120ff\" data-element_type=\"widget\" data-widget_type=\"int-hero-one.default\">\n\t\t\t\t<div class=\"elementor-widget-container\">\n\t\t\t        <!-- hero section start  -->\r\n        <section class=\"hero-digital-marketing pos-rel\">\r\n                            <div class=\"dm-hero-img wow skewIn\" data-wow-delay=\"250ms\">\r\n                    <img decoding=\"async\" src=\"https:\/\/duongquangminh.com\/wp-content\/uploads\/2024\/12\/1-1.jpg\" alt=\"\">\r\n                <\/div>\r\n                        <div class=\"container\">\r\n                <div class=\"dm-hero-content pos-rel\">\r\n                                        <div class=\"xb-item--dm-image wow skewIn\" data-wow-duration=\".7s\">\r\n                        <img decoding=\"async\" src=\"https:\/\/duongquangminh.com\/wp-content\/uploads\/2024\/12\/Mask-group.png\" alt=\"\">\r\n                    <\/div>\r\n                                                            <h1 class=\"xb-item--title wow fadeInUp\">\r\n                        <p>L\u1eafng nghe<br \/><span style=\"font-size: 72px;\"><span class=\"sp-two\">C\u00e2u chuy\u1ec7n<\/span> <span class=\"sp-one\" style=\"color: #fbae2f;\">C\u1ee7a b\u1ea1n<\/span><\/span><\/p>                    <\/h1>\r\n                                        <div class=\"hero-inner ul_li_between mt-40\">\r\n                        <div class=\"xb-item--holder mt-20 wow fadeInUp\" data-wow-delay=\"350ms\" data-wow-duration=\".7s\">\r\n                                                        <div class=\"xb-item--dm-icon\">\r\n                                                            <\/div>\r\n                                                                                    <p class=\"xb-item--content\">\r\n                                H\u01a1n 1000 c\u00e2u chuy\u1ec7n. <br> 3 v\u00f9ng mi\u1ec1n. <br> Top 10 creative agency.                            <\/p>\r\n                                                    <\/div>\r\n                                                <div class=\"dm-button xb-element-parallax mt-20\">\r\n                            <a href=\"https:\/\/duongquangminh.com\/?page_id=81\" class=\"circle-btn port-btn dm-btn wow fadeInUp\"\r\n                               data-wow-delay=\"450ms\" data-wow-duration=\".7s\" target=\"\">\r\n                                <div class=\"button__bg\"><\/div>\r\n                                Show <br> PROJECTS                            <\/a>\r\n                        <\/div>\r\n                                                <div class=\"dm-img mt-20 wow skewIn\" data-wow-delay=\"250ms\">\r\n                            <img decoding=\"async\" src=\"https:\/\/duongquangminh.com\/wp-content\/uploads\/2024\/12\/250x252.png\" alt=\"\">\r\n                        <\/div>\r\n                    <\/div>\r\n                <\/div>\r\n            <\/div>\r\n        <\/section>\r\n        <!-- hero section end  -->\r\n        \t\t<\/div>\n\t\t\t\t<\/div>\n\t\t\t\t\t<\/div>\n\t\t<\/div>\n\t\t\t\t\t<\/div>\n\t\t<\/section>\n\t\t\t\t<section class=\"elementor-section elementor-top-section elementor-element elementor-element-502f007 elementor-section-full_width elementor-section-height-default elementor-section-height-default\" data-id=\"502f007\" data-element_type=\"section\">\n\t\t\t\t\t\t<div class=\"elementor-container elementor-column-gap-no\">\n\t\t\t\t\t<div class=\"elementor-column elementor-col-100 elementor-top-column elementor-element elementor-element-e6282dd\" data-id=\"e6282dd\" data-element_type=\"column\">\n\t\t\t<div class=\"elementor-widget-wrap elementor-element-populated\">\n\t\t\t\t\t\t<section class=\"elementor-section elementor-inner-section elementor-element elementor-element-fecaf70 elementor-section-boxed elementor-section-height-default elementor-section-height-default\" data-id=\"fecaf70\" data-element_type=\"section\">\n\t\t\t\t\t\t<div class=\"elementor-container elementor-column-gap-no\">\n\t\t\t\t\t<div class=\"elementor-column elementor-col-100 elementor-inner-column elementor-element elementor-element-0e615a3\" data-id=\"0e615a3\" data-element_type=\"column\">\n\t\t\t<div class=\"elementor-widget-wrap elementor-element-populated\">\n\t\t\t\t\t\t<div class=\"elementor-element elementor-element-e7d650c elementor-widget elementor-widget-int-sec-title\" data-id=\"e7d650c\" data-element_type=\"widget\" data-widget_type=\"int-sec-title.default\">\n\t\t\t\t<div class=\"elementor-widget-container\">\n\t\t\t                <div class=\"section-title\">\r\n                            <h5 class=\"sub-title wow fadeInRight\"\r\n                    data-wow-duration=\".7s\">D\u1ecbch v\u1ee5<\/h5>\r\n                        <div class=\"clearfix\"><\/div>\r\n                            <h2 class=\"title wow skewIn\">s\u00e1ng t\u1ea1o <br> <span>\u0110\u1ed9c b\u1ea3n<\/span><\/h2>\r\n                    <\/div>\r\n    \t\t<\/div>\n\t\t\t\t<\/div>\n\t\t\t\t\t<\/div>\n\t\t<\/div>\n\t\t\t\t\t<\/div>\n\t\t<\/section>\n\t\t\t\t\t<\/div>\n\t\t<\/div>\n\t\t\t\t\t<\/div>\n\t\t<\/section>\n\t\t\t\t<section class=\"elementor-section elementor-top-section elementor-element elementor-element-dc6e116 elementor-section-full_width elementor-section-height-default elementor-section-height-default\" data-id=\"dc6e116\" data-element_type=\"section\">\n\t\t\t\t\t\t<div class=\"elementor-container elementor-column-gap-no\">\n\t\t\t\t\t<div class=\"elementor-column elementor-col-100 elementor-top-column elementor-element elementor-element-540c087\" data-id=\"540c087\" data-element_type=\"column\">\n\t\t\t<div class=\"elementor-widget-wrap elementor-element-populated\">\n\t\t\t\t\t\t<section class=\"elementor-section elementor-inner-section elementor-element elementor-element-8ef882d elementor-section-content-bottom elementor-section-boxed elementor-section-height-default elementor-section-height-default\" data-id=\"8ef882d\" data-element_type=\"section\">\n\t\t\t\t\t\t<div class=\"elementor-container elementor-column-gap-default\">\n\t\t\t\t\t<div class=\"elementor-column elementor-col-100 elementor-inner-column elementor-element elementor-element-f59f3a9\" data-id=\"f59f3a9\" data-element_type=\"column\">\n\t\t\t<div class=\"elementor-widget-wrap elementor-element-populated\">\n\t\t\t\t\t\t<div class=\"elementor-element elementor-element-bf80645 elementor-widget__width-initial elementor-widget elementor-widget-int-about\" data-id=\"bf80645\" data-element_type=\"widget\" data-widget_type=\"int-about.default\">\n\t\t\t\t<div class=\"elementor-widget-container\">\n\t\t\t        <section class=\"about pos-rel\">\r\n            <div class=\"container\">\r\n                <div class=\"section-title section-title--dm mb-195\">\r\n                                            <h5 class=\"sub-title mb-45 wow fadeInRight\"\r\n                            data-wow-duration=\".7s\">Ng\u01b0\u1eddi k\u1ec3 chuy\u1ec7n<\/h5>\r\n                                        <div class=\"clearfix\"><\/div>\r\n                                            <h2 class=\"title wow skewIn\">K\u1ec3 <span>\u0111i\u1ec1u kh\u00e1c bi\u1ec7t<\/span><\/h2>\r\n                                    <\/div>\r\n                <div class=\"section-title\">\r\n                                    <\/div>\r\n                <div class=\"dm-about--counter pt-80\">\r\n                    <div class=\"dm-about--wrapper\">\r\n                                                    <div class=\"inner ul_li mb-55\">\r\n                                <div class=\"icon\">\r\n                                                                    <\/div>\r\n                                <div class=\"holder\">\r\n                                    <h3 class=\"number xb-odm\"><span class=\"xbo\"\r\n                                                                    data-count=\"500\">00<\/span><span\r\n                                                class=\"suffix\"><\/span><\/h3>\r\n                                    <p class=\"content\">Kh\u00e1ch h\u00e0ng trung th\u00e0nh<\/p>\r\n                                <\/div>\r\n                            <\/div>\r\n                                                    <div class=\"inner ul_li mb-55\">\r\n                                <div class=\"icon\">\r\n                                                                    <\/div>\r\n                                <div class=\"holder\">\r\n                                    <h3 class=\"number xb-odm\"><span class=\"xbo\"\r\n                                                                    data-count=\"0\">00<\/span><span\r\n                                                class=\"suffix\">3<\/span><\/h3>\r\n                                    <p class=\"content\">Chi nh\u00e1nh VP<\/p>\r\n                                <\/div>\r\n                            <\/div>\r\n                                            <\/div>\r\n                                            <span class=\"dm-about--content d-block pt-45\">\r\n                            T\u1ea7m nh\u00ecn c\u1ee7a DQM l\u00e0 tr\u1edf th\u00e0nh m\u1ed9t Creative Agency ti\u00ean phong trong l\u0129nh v\u1ef1c truy\u1ec1n th\u00f4ng v\u00e0 t\u1ed5 ch\u1ee9c s\u1ef1 ki\u1ec7n. V\u1edbi gi\u00e1 tr\u1ecb c\u1ed1t l\u00f5i, s\u00e1ng t\u1ea1o v\u00e0 kh\u00e1c bi\u1ec7t: K\u1ec3 chuy\u1ec7n                    <\/span>\r\n                                    <\/div>\r\n                                    <div class=\"dm-about--button xb-element-parallax\">\r\n                        <a href=\"#\"\r\n                           class=\"circle-btn port-btn about-btn dm-btn\">\r\n                            <div class=\"button__bg\"><\/div>\r\n                            Love  <br>  Mark Team                        <\/a>\r\n                    <\/div>\r\n                            <\/div>\r\n            <div class=\"dm-about--image bg_img\"\r\n                                 style=\"background-image: url('https:\/\/duongquangminh.com\/wp-content\/uploads\/2024\/12\/5.png') \"><\/div>\r\n        <\/section>\r\n        \t\t<\/div>\n\t\t\t\t<\/div>\n\t\t\t\t\t<\/div>\n\t\t<\/div>\n\t\t\t\t\t<\/div>\n\t\t<\/section>\n\t\t\t\t\t<\/div>\n\t\t<\/div>\n\t\t\t\t\t<\/div>\n\t\t<\/section>\n\t\t\t\t<section class=\"elementor-section elementor-top-section elementor-element elementor-element-bc13b8f elementor-section-full_width elementor-section-height-default elementor-section-height-default\" data-id=\"bc13b8f\" data-element_type=\"section\">\n\t\t\t\t\t\t<div class=\"elementor-container elementor-column-gap-no\">\n\t\t\t\t\t<div class=\"elementor-column elementor-col-100 elementor-top-column elementor-element elementor-element-1fa0465\" data-id=\"1fa0465\" data-element_type=\"column\">\n\t\t\t<div class=\"elementor-widget-wrap elementor-element-populated\">\n\t\t\t\t\t\t<div class=\"elementor-element elementor-element-d632620 elementor-widget elementor-widget-int-instagram\" data-id=\"d632620\" data-element_type=\"widget\" data-widget_type=\"int-instagram.default\">\n\t\t\t\t<div class=\"elementor-widget-container\">\n\t\t\t\r\n        <div class=\"instragram-slider\">\r\n            <div class=\"swiper-wrapper\">\r\n                                    <div class=\"swiper-slide\">\r\n                        <div class=\"instragram-img pos-rel\">\r\n                            <img fetchpriority=\"high\" decoding=\"async\" width=\"320\" height=\"350\" src=\"https:\/\/duongquangminh.com\/wp-content\/uploads\/2025\/01\/z5564923804323_a0b4ee9e0d92ce7d19bc86aee5db6ab0-320x350.jpg\" class=\"attachment-auxa-instagram size-auxa-instagram\" alt=\"\" \/>                            <a href=\"#\" class=\"ins_link\"><\/a>\r\n                        <\/div>\r\n                    <\/div>\r\n                                    <div class=\"swiper-slide\">\r\n                        <div class=\"instragram-img pos-rel\">\r\n                            <img decoding=\"async\" width=\"320\" height=\"350\" src=\"https:\/\/duongquangminh.com\/wp-content\/uploads\/2025\/01\/DAT_0045-2-320x350.jpg\" class=\"attachment-auxa-instagram size-auxa-instagram\" alt=\"\" \/>                            <a href=\"#\" class=\"ins_link\"><\/a>\r\n                        <\/div>\r\n                    <\/div>\r\n                                    <div class=\"swiper-slide\">\r\n                        <div class=\"instragram-img pos-rel\">\r\n                            <img decoding=\"async\" width=\"320\" height=\"350\" src=\"https:\/\/duongquangminh.com\/wp-content\/uploads\/2025\/01\/40-320x350.jpg\" class=\"attachment-auxa-instagram size-auxa-instagram\" alt=\"\" \/>                            <a href=\"#\" class=\"ins_link\"><\/a>\r\n                        <\/div>\r\n                    <\/div>\r\n                                    <div class=\"swiper-slide\">\r\n                        <div class=\"instragram-img pos-rel\">\r\n                            <img loading=\"lazy\" decoding=\"async\" width=\"320\" height=\"350\" src=\"https:\/\/duongquangminh.com\/wp-content\/uploads\/2025\/01\/DAT_0700-320x350.jpg\" class=\"attachment-auxa-instagram size-auxa-instagram\" alt=\"\" \/>                            <a href=\"#\" class=\"ins_link\"><\/a>\r\n                        <\/div>\r\n                    <\/div>\r\n                                    <div class=\"swiper-slide\">\r\n                        <div class=\"instragram-img pos-rel\">\r\n                            <img loading=\"lazy\" decoding=\"async\" width=\"320\" height=\"350\" src=\"https:\/\/duongquangminh.com\/wp-content\/uploads\/2025\/01\/9-320x350.jpg\" class=\"attachment-auxa-instagram size-auxa-instagram\" alt=\"\" \/>                            <a href=\"#\" class=\"ins_link\"><\/a>\r\n                        <\/div>\r\n                    <\/div>\r\n                                    <div class=\"swiper-slide\">\r\n                        <div class=\"instragram-img pos-rel\">\r\n                            <img loading=\"lazy\" decoding=\"async\" width=\"320\" height=\"350\" src=\"https:\/\/duongquangminh.com\/wp-content\/uploads\/2025\/01\/TKM07185-320x350.jpg\" class=\"attachment-auxa-instagram size-auxa-instagram\" alt=\"\" \/>                            <a href=\"#\" class=\"ins_link\"><\/a>\r\n                        <\/div>\r\n                    <\/div>\r\n                                    <div class=\"swiper-slide\">\r\n                        <div class=\"instragram-img pos-rel\">\r\n                            <img loading=\"lazy\" decoding=\"async\" width=\"320\" height=\"350\" src=\"https:\/\/duongquangminh.com\/wp-content\/uploads\/2025\/01\/TKM-68-1-320x350.jpg\" class=\"attachment-auxa-instagram size-auxa-instagram\" alt=\"\" \/>                            <a href=\"#\" class=\"ins_link\"><\/a>\r\n                        <\/div>\r\n                    <\/div>\r\n                            <\/div>\r\n        <\/div>\r\n        \t\t<\/div>\n\t\t\t\t<\/div>\n\t\t\t\t<div class=\"elementor-element elementor-element-3106e34 elementor-widget elementor-widget-int-brand-v2\" data-id=\"3106e34\" data-element_type=\"widget\" data-widget_type=\"int-brand-v2.default\">\n\t\t\t\t<div class=\"elementor-widget-container\">\n\t\t\t        <!-- dm-brand start -->\r\n        <section class=\"brand pt-165 pb-130\">\r\n            <div class=\"container\">\r\n                                <span class=\"dm-brand-title d-block text-center mb-35\">\u0110\u1ed0I T\u00c1C TI\u00caU BI\u1ec2U<\/span>\r\n                                <div class=\"dm-brand-slider swiper-container\">\r\n                    <div class=\"swiper-wrapper\">\r\n                                                <div class=\"swiper-slide dm-brand\">\r\n                            <a href=\"#\"><img decoding=\"async\" src=\"https:\/\/duongquangminh.com\/wp-content\/uploads\/2025\/01\/PLX.png\" alt=\"\"><\/a>\r\n                        <\/div>\r\n                                                <div class=\"swiper-slide dm-brand\">\r\n                            <a href=\"#\"><img decoding=\"async\" src=\"https:\/\/duongquangminh.com\/wp-content\/uploads\/2025\/01\/Coca-Cola_logo.svg-2.png\" alt=\"\"><\/a>\r\n                        <\/div>\r\n                                                <div class=\"swiper-slide dm-brand\">\r\n                            <a href=\"#\"><img decoding=\"async\" src=\"https:\/\/duongquangminh.com\/wp-content\/uploads\/2025\/01\/Honda_Logo.svg-1.png\" alt=\"\"><\/a>\r\n                        <\/div>\r\n                                                <div class=\"swiper-slide dm-brand\">\r\n                            <a href=\"#\"><img decoding=\"async\" src=\"https:\/\/duongquangminh.com\/wp-content\/uploads\/2025\/01\/Mercedes-Benz_logo.svg-1.png\" alt=\"\"><\/a>\r\n                        <\/div>\r\n                                                <div class=\"swiper-slide dm-brand\">\r\n                            <a href=\"#\"><img decoding=\"async\" src=\"https:\/\/duongquangminh.com\/wp-content\/uploads\/2025\/01\/Hien-1.png\" alt=\"\"><\/a>\r\n                        <\/div>\r\n                                                <div class=\"swiper-slide dm-brand\">\r\n                            <a href=\"#\"><img decoding=\"async\" src=\"https:\/\/duongquangminh.com\/wp-content\/uploads\/2025\/01\/FPT_Telecom_logo.png\" alt=\"\"><\/a>\r\n                        <\/div>\r\n                                            <\/div>\r\n                <\/div>\r\n            <\/div>\r\n        <\/section>\r\n        <!-- dm-brand end -->\r\n        \t\t<\/div>\n\t\t\t\t<\/div>\n\t\t\t\t\t<\/div>\n\t\t<\/div>\n\t\t\t\t\t<\/div>\n\t\t<\/section>\n\t\t\t\t<section class=\"elementor-section elementor-top-section elementor-element elementor-element-15c74a3 elementor-section-boxed elementor-section-height-default elementor-section-height-default\" data-id=\"15c74a3\" data-element_type=\"section\">\n\t\t\t\t\t\t<div class=\"elementor-container elementor-column-gap-default\">\n\t\t\t\t\t<div class=\"elementor-column elementor-col-100 elementor-top-column elementor-element elementor-element-54966c8\" data-id=\"54966c8\" data-element_type=\"column\">\n\t\t\t<div class=\"elementor-widget-wrap elementor-element-populated\">\n\t\t\t\t\t\t<div class=\"elementor-element elementor-element-d29a9fe elementor-widget elementor-widget-int-video\" data-id=\"d29a9fe\" data-element_type=\"widget\" data-widget_type=\"int-video.default\">\n\t\t\t\t<div class=\"elementor-widget-container\">\n\t\t\t        <section class=\"video pos-rel\">\r\n            <img loading=\"lazy\" decoding=\"async\" width=\"1915\" height=\"754\" src=\"https:\/\/duongquangminh.com\/wp-content\/uploads\/2025\/02\/DQM-logo-2.png\" class=\"attachment-full size-full\" alt=\"\" srcset=\"https:\/\/duongquangminh.com\/wp-content\/uploads\/2025\/02\/DQM-logo-2.png 1915w, https:\/\/duongquangminh.com\/wp-content\/uploads\/2025\/02\/DQM-logo-2-300x118.png 300w, https:\/\/duongquangminh.com\/wp-content\/uploads\/2025\/02\/DQM-logo-2-1024x403.png 1024w, https:\/\/duongquangminh.com\/wp-content\/uploads\/2025\/02\/DQM-logo-2-768x302.png 768w, https:\/\/duongquangminh.com\/wp-content\/uploads\/2025\/02\/DQM-logo-2-1536x605.png 1536w, https:\/\/duongquangminh.com\/wp-content\/uploads\/2025\/02\/DQM-logo-2-600x236.png 600w\" sizes=\"(max-width: 1915px) 100vw, 1915px\" \/>            <div class=\"dm-video\">\r\n                <a class=\"play-btn popup-video\" href=\"https:\/\/www.youtube.com\/watch?v=Uczo7ZDothE\"><svg xmlns=\"http:\/\/www.w3.org\/2000\/svg\" width=\"29\" height=\"38\" fill=\"none\"><path fill=\"#000\" d=\"M28.44 20.04 1.943 37.705A1.25 1.25 0 0 1 0 36.665V1.334A1.25 1.25 0 0 1 1.943.296L28.44 17.96a1.25 1.25 0 0 1 0 2.08Z\"><\/path><\/svg><\/a>\r\n                <span class=\"dm-text\">Xem Video<\/span>\r\n            <\/div>\r\n        <\/section>\r\n\r\n    \t\t<\/div>\n\t\t\t\t<\/div>\n\t\t\t\t\t<\/div>\n\t\t<\/div>\n\t\t\t\t\t<\/div>\n\t\t<\/section>\n\t\t\t\t<\/div>\n\t\t","protected":false},"excerpt":{"rendered":"<p>L\u1eafng ngheC\u00e2u chuy\u1ec7n C\u1ee7a b\u1ea1n H\u01a1n 1000 c\u00e2u chuy\u1ec7n. 3 v\u00f9ng mi\u1ec1n. Top 10 creative agency. Show PROJECTS D\u1ecbch v\u1ee5 s\u00e1ng t\u1ea1o \u0110\u1ed9c b\u1ea3n Ng\u01b0\u1eddi k\u1ec3 chuy\u1ec7n K\u1ec3 \u0111i\u1ec1u kh\u00e1c bi\u1ec7t 00 Kh\u00e1ch h\u00e0ng trung th\u00e0nh 003 Chi nh\u00e1nh VP T\u1ea7m nh\u00ecn c\u1ee7a DQM l\u00e0 tr\u1edf th\u00e0nh m\u1ed9t Creative Agency ti\u00ean phong trong l\u0129nh v\u1ef1c [&hellip;]<\/p>\n","protected":false},"author":1,"featured_media":0,"parent":0,"menu_order":0,"comment_status":"closed","ping_status":"closed","template":"auxa-template.php","meta":{"inline_featured_image":false,"footnotes":""},"class_list":["post-3292","page","type-page","status-publish","hentry"],"_links":{"self":[{"href":"https:\/\/duongquangminh.com\/index.php?rest_route=\/wp\/v2\/pages\/3292","targetHints":{"allow":["GET"]}}],"collection":[{"href":"https:\/\/duongquangminh.com\/index.php?rest_route=\/wp\/v2\/pages"}],"about":[{"href":"https:\/\/duongquangminh.com\/index.php?rest_route=\/wp\/v2\/types\/page"}],"author":[{"embeddable":true,"href":"https:\/\/duongquangminh.com\/index.php?rest_route=\/wp\/v2\/users\/1"}],"replies":[{"embeddable":true,"href":"https:\/\/duongquangminh.com\/index.php?rest_route=%2Fwp%2Fv2%2Fcomments&post=3292"}],"version-history":[{"count":162,"href":"https:\/\/duongquangminh.com\/index.php?rest_route=\/wp\/v2\/pages\/3292\/revisions"}],"predecessor-version":[{"id":5041,"href":"https:\/\/duongquangminh.com\/index.php?rest_route=\/wp\/v2\/pages\/3292\/revisions\/5041"}],"wp:attachment":[{"href":"https:\/\/duongquangminh.com\/index.php?rest_route=%2Fwp%2Fv2%2Fmedia&parent=3292"}],"curies":[{"name":"wp","href":"https:\/\/api.w.org\/{rel}","templated":true}]}}