{"id":3895,"date":"2024-03-16T05:52:56","date_gmt":"2024-03-16T05:52:56","guid":{"rendered":"https:\/\/auxa.xpressbuddy.com\/?page_id=3895"},"modified":"2025-02-08T11:56:04","modified_gmt":"2025-02-08T11:56:04","slug":"digital-studio","status":"publish","type":"page","link":"https:\/\/duongquangminh.com\/?page_id=3895","title":{"rendered":"Digital Studio"},"content":{"rendered":"\t\t<div data-elementor-type=\"wp-page\" data-elementor-id=\"3895\" class=\"elementor elementor-3895\">\n\t\t\t\t\t\t<section class=\"elementor-section elementor-top-section elementor-element elementor-element-865e4aa elementor-section-content-middle elementor-section-boxed elementor-section-height-default elementor-section-height-default\" data-id=\"865e4aa\" data-element_type=\"section\">\n\t\t\t\t\t\t<div class=\"elementor-container elementor-column-gap-default\">\n\t\t\t\t\t<div class=\"elementor-column elementor-col-50 elementor-top-column elementor-element elementor-element-6bd83d2\" data-id=\"6bd83d2\" data-element_type=\"column\">\n\t\t\t<div class=\"elementor-widget-wrap elementor-element-populated\">\n\t\t\t\t\t\t<div class=\"elementor-element elementor-element-89c9c1d elementor-widget elementor-widget-heading\" data-id=\"89c9c1d\" data-element_type=\"widget\" data-widget_type=\"heading.default\">\n\t\t\t\t<div class=\"elementor-widget-container\">\n\t\t\t<span class=\"elementor-heading-title elementor-size-default\">T\u01b0 duy s\u00e1ng t\u1ea1o \u0111\u1ed9c b\u1ea3n \u200b<\/span>\t\t<\/div>\n\t\t\t\t<\/div>\n\t\t\t\t<div class=\"elementor-element elementor-element-ae64deb elementor-widget__width-initial elementor-widget elementor-widget-text-editor\" data-id=\"ae64deb\" data-element_type=\"widget\" data-widget_type=\"text-editor.default\">\n\t\t\t\t<div class=\"elementor-widget-container\">\n\t\t\t\t\t\t\t<p><span style=\"letter-spacing: -0.3px;\">DQM team lu\u00f4n t\u01b0 duy:<\/span><br style=\"letter-spacing: -0.3px;\" \/><span style=\"letter-spacing: -0.3px;\">S\u1ea3n ph\u1ea9m c\u1ee7a kh\u00e1ch h\u00e0ng l\u00e0 duy nh\u1ea5t, \u0111\u00fang nh\u1ea5t v\u00e0 \u0111\u1eb9p nh\u1ea5t!<\/span><\/p>\t\t\t\t\t\t<\/div>\n\t\t\t\t<\/div>\n\t\t\t\t<div class=\"elementor-element elementor-element-ee5e030 elementor-widget__width-auto elementor-widget elementor-widget-int-parallax-video\" data-id=\"ee5e030\" data-element_type=\"widget\" data-widget_type=\"int-parallax-video.default\">\n\t\t\t\t<div class=\"elementor-widget-container\">\n\t\t\t\r\n        <a href=\"https:\/\/www.youtube.com\/watch?v=Uczo7ZDothE\" class=\"circle-reelbox xb-parent-element-parallax popup-video pos-rel\"            style=\"background-image: url('https:\/\/duongquangminh.com\/wp-content\/uploads\/2024\/12\/s2.png') \">\r\n            <div class=\"xb-element-parallax\">\r\n                <div class=\"circle-link\">\r\n                    <svg xmlns=\"http:\/\/www.w3.org\/2000\/svg\" width=\"29\" height=\"38\" fill=\"none\"><path fill=\"#000\" d=\"M28.44 20.04 1.943 37.705A1.25 1.25 0 0 1 0 36.665V1.334A1.25 1.25 0 0 1 1.943.296L28.44 17.96a1.25 1.25 0 0 1 0 2.08Z\"><\/path><\/svg>                    <img decoding=\"async\" class=\"play-text\" src=\"\" alt=\"\">\r\n                <\/div>\r\n            <\/div>\r\n        <\/a>\r\n\r\n    \t\t<\/div>\n\t\t\t\t<\/div>\n\t\t\t\t\t<\/div>\n\t\t<\/div>\n\t\t\t\t<div class=\"elementor-column elementor-col-50 elementor-top-column elementor-element elementor-element-c84b0de\" data-id=\"c84b0de\" data-element_type=\"column\">\n\t\t\t<div class=\"elementor-widget-wrap elementor-element-populated\">\n\t\t\t\t\t\t<div class=\"elementor-element elementor-element-9215390 elementor-widget elementor-widget-int-brand-v4\" data-id=\"9215390\" data-element_type=\"widget\" data-widget_type=\"int-brand-v4.default\">\n\t\t\t\t<div class=\"elementor-widget-container\">\n\t\t\t\r\n        <div class=\"ds-brand-inner ul_li\">\r\n                            <div class=\"ds-brand\">\r\n                    <a href=\"#\"><img decoding=\"async\" width=\"300\" height=\"124\" src=\"https:\/\/duongquangminh.com\/wp-content\/uploads\/2025\/02\/z6021877730516_b68b62d9f3960962ad35b1f10ac041e9-300x124.jpg\" class=\"attachment-medium size-medium\" alt=\"\" srcset=\"https:\/\/duongquangminh.com\/wp-content\/uploads\/2025\/02\/z6021877730516_b68b62d9f3960962ad35b1f10ac041e9-300x124.jpg 300w, https:\/\/duongquangminh.com\/wp-content\/uploads\/2025\/02\/z6021877730516_b68b62d9f3960962ad35b1f10ac041e9-768x318.jpg 768w, https:\/\/duongquangminh.com\/wp-content\/uploads\/2025\/02\/z6021877730516_b68b62d9f3960962ad35b1f10ac041e9-600x249.jpg 600w, https:\/\/duongquangminh.com\/wp-content\/uploads\/2025\/02\/z6021877730516_b68b62d9f3960962ad35b1f10ac041e9.jpg 794w\" sizes=\"(max-width: 300px) 100vw, 300px\" \/><\/a>\r\n                <\/div>\r\n                            <div class=\"ds-brand\">\r\n                    <a href=\"#\"><img decoding=\"async\" width=\"300\" height=\"150\" src=\"https:\/\/duongquangminh.com\/wp-content\/uploads\/2025\/02\/z5930329659596_db90d1f50586ad183f66c00e659a34d4-300x150.jpg\" class=\"attachment-medium size-medium\" alt=\"\" srcset=\"https:\/\/duongquangminh.com\/wp-content\/uploads\/2025\/02\/z5930329659596_db90d1f50586ad183f66c00e659a34d4-300x150.jpg 300w, https:\/\/duongquangminh.com\/wp-content\/uploads\/2025\/02\/z5930329659596_db90d1f50586ad183f66c00e659a34d4-1024x512.jpg 1024w, https:\/\/duongquangminh.com\/wp-content\/uploads\/2025\/02\/z5930329659596_db90d1f50586ad183f66c00e659a34d4-768x384.jpg 768w, https:\/\/duongquangminh.com\/wp-content\/uploads\/2025\/02\/z5930329659596_db90d1f50586ad183f66c00e659a34d4-1536x768.jpg 1536w, https:\/\/duongquangminh.com\/wp-content\/uploads\/2025\/02\/z5930329659596_db90d1f50586ad183f66c00e659a34d4-2048x1024.jpg 2048w, https:\/\/duongquangminh.com\/wp-content\/uploads\/2025\/02\/z5930329659596_db90d1f50586ad183f66c00e659a34d4-600x300.jpg 600w\" sizes=\"(max-width: 300px) 100vw, 300px\" \/><\/a>\r\n                <\/div>\r\n                            <div class=\"ds-brand\">\r\n                    <a href=\"#\"><img fetchpriority=\"high\" decoding=\"async\" width=\"300\" height=\"200\" src=\"https:\/\/duongquangminh.com\/wp-content\/uploads\/2025\/02\/NTL_5518-scaled-1-300x200.jpg\" class=\"attachment-medium size-medium\" alt=\"\" srcset=\"https:\/\/duongquangminh.com\/wp-content\/uploads\/2025\/02\/NTL_5518-scaled-1-300x200.jpg 300w, https:\/\/duongquangminh.com\/wp-content\/uploads\/2025\/02\/NTL_5518-scaled-1-1024x683.jpg 1024w, https:\/\/duongquangminh.com\/wp-content\/uploads\/2025\/02\/NTL_5518-scaled-1-768x512.jpg 768w, https:\/\/duongquangminh.com\/wp-content\/uploads\/2025\/02\/NTL_5518-scaled-1-1536x1024.jpg 1536w, https:\/\/duongquangminh.com\/wp-content\/uploads\/2025\/02\/NTL_5518-scaled-1-2048x1366.jpg 2048w, https:\/\/duongquangminh.com\/wp-content\/uploads\/2025\/02\/NTL_5518-scaled-1-600x400.jpg 600w\" sizes=\"(max-width: 300px) 100vw, 300px\" \/><\/a>\r\n                <\/div>\r\n                            <div class=\"ds-brand\">\r\n                    <a href=\"#\"><img fetchpriority=\"high\" decoding=\"async\" width=\"300\" height=\"200\" src=\"https:\/\/duongquangminh.com\/wp-content\/uploads\/2025\/02\/NTL_5518-scaled-1-300x200.jpg\" class=\"attachment-medium size-medium\" alt=\"\" srcset=\"https:\/\/duongquangminh.com\/wp-content\/uploads\/2025\/02\/NTL_5518-scaled-1-300x200.jpg 300w, https:\/\/duongquangminh.com\/wp-content\/uploads\/2025\/02\/NTL_5518-scaled-1-1024x683.jpg 1024w, https:\/\/duongquangminh.com\/wp-content\/uploads\/2025\/02\/NTL_5518-scaled-1-768x512.jpg 768w, https:\/\/duongquangminh.com\/wp-content\/uploads\/2025\/02\/NTL_5518-scaled-1-1536x1024.jpg 1536w, https:\/\/duongquangminh.com\/wp-content\/uploads\/2025\/02\/NTL_5518-scaled-1-2048x1366.jpg 2048w, https:\/\/duongquangminh.com\/wp-content\/uploads\/2025\/02\/NTL_5518-scaled-1-600x400.jpg 600w\" sizes=\"(max-width: 300px) 100vw, 300px\" \/><\/a>\r\n                <\/div>\r\n                            <div class=\"ds-brand\">\r\n                    <a href=\"#\"><img loading=\"lazy\" decoding=\"async\" width=\"300\" height=\"200\" src=\"https:\/\/duongquangminh.com\/wp-content\/uploads\/2025\/02\/DSC09759-scaled-1-300x200.jpg\" class=\"attachment-medium size-medium\" alt=\"\" srcset=\"https:\/\/duongquangminh.com\/wp-content\/uploads\/2025\/02\/DSC09759-scaled-1-300x200.jpg 300w, https:\/\/duongquangminh.com\/wp-content\/uploads\/2025\/02\/DSC09759-scaled-1-1024x683.jpg 1024w, https:\/\/duongquangminh.com\/wp-content\/uploads\/2025\/02\/DSC09759-scaled-1-768x512.jpg 768w, https:\/\/duongquangminh.com\/wp-content\/uploads\/2025\/02\/DSC09759-scaled-1-1536x1024.jpg 1536w, https:\/\/duongquangminh.com\/wp-content\/uploads\/2025\/02\/DSC09759-scaled-1-2048x1366.jpg 2048w, https:\/\/duongquangminh.com\/wp-content\/uploads\/2025\/02\/DSC09759-scaled-1-600x400.jpg 600w\" sizes=\"(max-width: 300px) 100vw, 300px\" \/><\/a>\r\n                <\/div>\r\n                            <div class=\"ds-brand\">\r\n                    <a href=\"#\"><img loading=\"lazy\" decoding=\"async\" width=\"300\" height=\"200\" src=\"https:\/\/duongquangminh.com\/wp-content\/uploads\/2025\/02\/File-0476-1200x800-1-300x200.jpg\" class=\"attachment-medium size-medium\" alt=\"\" srcset=\"https:\/\/duongquangminh.com\/wp-content\/uploads\/2025\/02\/File-0476-1200x800-1-300x200.jpg 300w, https:\/\/duongquangminh.com\/wp-content\/uploads\/2025\/02\/File-0476-1200x800-1-1024x683.jpg 1024w, https:\/\/duongquangminh.com\/wp-content\/uploads\/2025\/02\/File-0476-1200x800-1-768x512.jpg 768w, https:\/\/duongquangminh.com\/wp-content\/uploads\/2025\/02\/File-0476-1200x800-1-600x400.jpg 600w, https:\/\/duongquangminh.com\/wp-content\/uploads\/2025\/02\/File-0476-1200x800-1.jpg 1200w\" sizes=\"(max-width: 300px) 100vw, 300px\" \/><\/a>\r\n                <\/div>\r\n                            <div class=\"ds-brand\">\r\n                    <a href=\"#\"><img loading=\"lazy\" decoding=\"async\" width=\"300\" height=\"169\" src=\"https:\/\/duongquangminh.com\/wp-content\/uploads\/2025\/02\/127-300x169.jpg\" class=\"attachment-medium size-medium\" alt=\"\" srcset=\"https:\/\/duongquangminh.com\/wp-content\/uploads\/2025\/02\/127-300x169.jpg 300w, https:\/\/duongquangminh.com\/wp-content\/uploads\/2025\/02\/127-1024x576.jpg 1024w, https:\/\/duongquangminh.com\/wp-content\/uploads\/2025\/02\/127-768x432.jpg 768w, https:\/\/duongquangminh.com\/wp-content\/uploads\/2025\/02\/127-1536x864.jpg 1536w, https:\/\/duongquangminh.com\/wp-content\/uploads\/2025\/02\/127-600x337.jpg 600w, https:\/\/duongquangminh.com\/wp-content\/uploads\/2025\/02\/127.jpg 1892w\" sizes=\"(max-width: 300px) 100vw, 300px\" \/><\/a>\r\n                <\/div>\r\n                            <div class=\"ds-brand\">\r\n                    <a href=\"#\"><img loading=\"lazy\" decoding=\"async\" width=\"300\" height=\"300\" src=\"https:\/\/duongquangminh.com\/wp-content\/uploads\/2025\/01\/enhancing-productivity-with-laptop-use-on-sofas-3d-illustration-free-png-300x300.webp\" class=\"attachment-medium size-medium\" alt=\"\" srcset=\"https:\/\/duongquangminh.com\/wp-content\/uploads\/2025\/01\/enhancing-productivity-with-laptop-use-on-sofas-3d-illustration-free-png-300x300.webp 300w, https:\/\/duongquangminh.com\/wp-content\/uploads\/2025\/01\/enhancing-productivity-with-laptop-use-on-sofas-3d-illustration-free-png-150x150.webp 150w, https:\/\/duongquangminh.com\/wp-content\/uploads\/2025\/01\/enhancing-productivity-with-laptop-use-on-sofas-3d-illustration-free-png-768x768.webp 768w, https:\/\/duongquangminh.com\/wp-content\/uploads\/2025\/01\/enhancing-productivity-with-laptop-use-on-sofas-3d-illustration-free-png-600x600.webp 600w, https:\/\/duongquangminh.com\/wp-content\/uploads\/2025\/01\/enhancing-productivity-with-laptop-use-on-sofas-3d-illustration-free-png-100x100.webp 100w, https:\/\/duongquangminh.com\/wp-content\/uploads\/2025\/01\/enhancing-productivity-with-laptop-use-on-sofas-3d-illustration-free-png.webp 980w\" sizes=\"(max-width: 300px) 100vw, 300px\" \/><\/a>\r\n                <\/div>\r\n                            <div class=\"ds-brand\">\r\n                    <a href=\"#\"><img loading=\"lazy\" decoding=\"async\" width=\"300\" height=\"225\" src=\"https:\/\/duongquangminh.com\/wp-content\/uploads\/2025\/02\/IMG_8384-300x225.jpg\" class=\"attachment-medium size-medium\" alt=\"\" srcset=\"https:\/\/duongquangminh.com\/wp-content\/uploads\/2025\/02\/IMG_8384-300x225.jpg 300w, https:\/\/duongquangminh.com\/wp-content\/uploads\/2025\/02\/IMG_8384-1024x768.jpg 1024w, https:\/\/duongquangminh.com\/wp-content\/uploads\/2025\/02\/IMG_8384-768x576.jpg 768w, https:\/\/duongquangminh.com\/wp-content\/uploads\/2025\/02\/IMG_8384-1536x1152.jpg 1536w, https:\/\/duongquangminh.com\/wp-content\/uploads\/2025\/02\/IMG_8384-2048x1536.jpg 2048w, https:\/\/duongquangminh.com\/wp-content\/uploads\/2025\/02\/IMG_8384-800x600.jpg 800w, https:\/\/duongquangminh.com\/wp-content\/uploads\/2025\/02\/IMG_8384-600x450.jpg 600w\" sizes=\"(max-width: 300px) 100vw, 300px\" \/><\/a>\r\n                <\/div>\r\n                            <div class=\"ds-brand\">\r\n                    <a href=\"#\"><img loading=\"lazy\" decoding=\"async\" width=\"300\" height=\"300\" src=\"https:\/\/duongquangminh.com\/wp-content\/uploads\/2025\/01\/5389929-1-300x300.webp\" class=\"attachment-medium size-medium\" alt=\"\" srcset=\"https:\/\/duongquangminh.com\/wp-content\/uploads\/2025\/01\/5389929-1-300x300.webp 300w, https:\/\/duongquangminh.com\/wp-content\/uploads\/2025\/01\/5389929-1-150x150.webp 150w, https:\/\/duongquangminh.com\/wp-content\/uploads\/2025\/01\/5389929-1-100x100.webp 100w, https:\/\/duongquangminh.com\/wp-content\/uploads\/2025\/01\/5389929-1.webp 450w\" sizes=\"(max-width: 300px) 100vw, 300px\" \/><\/a>\r\n                <\/div>\r\n                    <\/div>\r\n        \t\t<\/div>\n\t\t\t\t<\/div>\n\t\t\t\t\t<\/div>\n\t\t<\/div>\n\t\t\t\t\t<\/div>\n\t\t<\/section>\n\t\t\t\t<section class=\"elementor-section elementor-top-section elementor-element elementor-element-0f005e4 elementor-section-full_width elementor-section-height-default elementor-section-height-default\" data-id=\"0f005e4\" data-element_type=\"section\">\n\t\t\t\t\t\t<div class=\"elementor-container elementor-column-gap-no\">\n\t\t\t\t\t<div class=\"elementor-column elementor-col-100 elementor-top-column elementor-element elementor-element-fe035ab\" data-id=\"fe035ab\" data-element_type=\"column\">\n\t\t\t<div class=\"elementor-widget-wrap elementor-element-populated\">\n\t\t\t\t\t\t<section class=\"elementor-section elementor-inner-section elementor-element elementor-element-f8a943e elementor-section-full_width elementor-section-height-default elementor-section-height-default\" data-id=\"f8a943e\" data-element_type=\"section\">\n\t\t\t\t\t\t<div class=\"elementor-container elementor-column-gap-no\">\n\t\t\t\t\t<div class=\"elementor-column elementor-col-100 elementor-inner-column elementor-element elementor-element-4dc4b1e\" data-id=\"4dc4b1e\" data-element_type=\"column\">\n\t\t\t<div class=\"elementor-widget-wrap elementor-element-populated\">\n\t\t\t\t\t\t<div class=\"elementor-element elementor-element-5ba2369 elementor-widget elementor-widget-int-sec-title\" data-id=\"5ba2369\" data-element_type=\"widget\" data-widget_type=\"int-sec-title.default\">\n\t\t\t\t<div class=\"elementor-widget-container\">\n\t\t\t                <div class=\"ds-section-title text-center\">\r\n            <span class=\"sub-title\"><\/span>\r\n            <h2 class=\"title\"><\/h2>\r\n        <\/div>\r\n    \t\t<\/div>\n\t\t\t\t<\/div>\n\t\t\t\t\t<\/div>\n\t\t<\/div>\n\t\t\t\t\t<\/div>\n\t\t<\/section>\n\t\t\t\t<section class=\"elementor-section elementor-inner-section elementor-element elementor-element-a27775d elementor-section-boxed elementor-section-height-default elementor-section-height-default\" data-id=\"a27775d\" data-element_type=\"section\">\n\t\t\t\t\t\t<div class=\"elementor-container elementor-column-gap-default\">\n\t\t\t\t\t<div class=\"elementor-column elementor-col-100 elementor-inner-column elementor-element elementor-element-037bb56\" data-id=\"037bb56\" data-element_type=\"column\">\n\t\t\t<div class=\"elementor-widget-wrap elementor-element-populated\">\n\t\t\t\t\t\t<div class=\"elementor-element elementor-element-7c9643c elementor-widget elementor-widget-int-feature-v2\" data-id=\"7c9643c\" data-element_type=\"widget\" data-widget_type=\"int-feature-v2.default\">\n\t\t\t\t<div class=\"elementor-widget-container\">\n\t\t\t        <div class=\"xb-feature-inner xb-feature-item pos-rel\">\r\n            <div class=\"xb-feature-wrapper xb-feature-capsule-wrapper pos-rel\" data-throwable-scene=\"true\">\r\n                <div class=\"xb-feature-capsule-item-wrapper\">\r\n                                            <p data-xb-throwable-el=\"\">\r\n                            <span class=\"xb-feature-capsule-item elementor-repeater-item-224d56f\">Solve problems<\/span>\r\n                        <\/p>\r\n                                            <p data-xb-throwable-el=\"\">\r\n                            <span class=\"xb-feature-capsule-item elementor-repeater-item-352663e\">Creative Features<\/span>\r\n                        <\/p>\r\n                                            <p data-xb-throwable-el=\"\">\r\n                            <span class=\"xb-feature-capsule-item elementor-repeater-item-9a14b74\">data science<\/span>\r\n                        <\/p>\r\n                                            <p data-xb-throwable-el=\"\">\r\n                            <span class=\"xb-feature-capsule-item elementor-repeater-item-5cf0428\">Creative ideas<\/span>\r\n                        <\/p>\r\n                                            <p data-xb-throwable-el=\"\">\r\n                            <span class=\"xb-feature-capsule-item elementor-repeater-item-da80aa7\">Problem solving<\/span>\r\n                        <\/p>\r\n                                            <p data-xb-throwable-el=\"\">\r\n                            <span class=\"xb-feature-capsule-item elementor-repeater-item-32c078c\">Creative ideas<\/span>\r\n                        <\/p>\r\n                                            <p data-xb-throwable-el=\"\">\r\n                            <span class=\"xb-feature-capsule-item elementor-repeater-item-9281d6b\">Support clients<\/span>\r\n                        <\/p>\r\n                                            <p data-xb-throwable-el=\"\">\r\n                            <span class=\"xb-feature-capsule-item elementor-repeater-item-c8d03ed\">Creative Features<\/span>\r\n                        <\/p>\r\n                                            <p data-xb-throwable-el=\"\">\r\n                            <span class=\"xb-feature-capsule-item elementor-repeater-item-c1b6cb3\">The best development<\/span>\r\n                        <\/p>\r\n                                    <\/div>\r\n            <\/div>\r\n        <\/div>\r\n        \t\t<\/div>\n\t\t\t\t<\/div>\n\t\t\t\t\t<\/div>\n\t\t<\/div>\n\t\t\t\t\t<\/div>\n\t\t<\/section>\n\t\t\t\t\t<\/div>\n\t\t<\/div>\n\t\t\t\t\t<\/div>\n\t\t<\/section>\n\t\t\t\t<\/div>\n\t\t","protected":false},"excerpt":{"rendered":"<p>T\u01b0 duy s\u00e1ng t\u1ea1o \u0111\u1ed9c b\u1ea3n \u200b DQM team lu\u00f4n t\u01b0 duy:S\u1ea3n ph\u1ea9m c\u1ee7a kh\u00e1ch h\u00e0ng l\u00e0 duy nh\u1ea5t, \u0111\u00fang nh\u1ea5t v\u00e0 \u0111\u1eb9p nh\u1ea5t! Solve problems Creative Features data science Creative ideas Problem solving Creative ideas Support clients Creative Features The best development<\/p>\n","protected":false},"author":1,"featured_media":0,"parent":0,"menu_order":0,"comment_status":"closed","ping_status":"closed","template":"auxa-template.php","meta":{"inline_featured_image":false,"footnotes":""},"class_list":["post-3895","page","type-page","status-publish","hentry"],"_links":{"self":[{"href":"https:\/\/duongquangminh.com\/index.php?rest_route=\/wp\/v2\/pages\/3895","targetHints":{"allow":["GET"]}}],"collection":[{"href":"https:\/\/duongquangminh.com\/index.php?rest_route=\/wp\/v2\/pages"}],"about":[{"href":"https:\/\/duongquangminh.com\/index.php?rest_route=\/wp\/v2\/types\/page"}],"author":[{"embeddable":true,"href":"https:\/\/duongquangminh.com\/index.php?rest_route=\/wp\/v2\/users\/1"}],"replies":[{"embeddable":true,"href":"https:\/\/duongquangminh.com\/index.php?rest_route=%2Fwp%2Fv2%2Fcomments&post=3895"}],"version-history":[{"count":74,"href":"https:\/\/duongquangminh.com\/index.php?rest_route=\/wp\/v2\/pages\/3895\/revisions"}],"predecessor-version":[{"id":5073,"href":"https:\/\/duongquangminh.com\/index.php?rest_route=\/wp\/v2\/pages\/3895\/revisions\/5073"}],"wp:attachment":[{"href":"https:\/\/duongquangminh.com\/index.php?rest_route=%2Fwp%2Fv2%2Fmedia&parent=3895"}],"curies":[{"name":"wp","href":"https:\/\/api.w.org\/{rel}","templated":true}]}}